{"id":2,"date":"2020-12-07T18:23:27","date_gmt":"2020-12-07T17:23:27","guid":{"rendered":"https:\/\/mediators-le-niglo.fr\/WordPress\/?page_id=2"},"modified":"2025-11-15T15:32:50","modified_gmt":"2025-11-15T14:32:50","slug":"page-d-exemple","status":"publish","type":"page","link":"https:\/\/mediators-le-niglo.fr\/WordPress\/page-d-exemple\/","title":{"rendered":"Accueil"},"content":{"rendered":"<p>Bonjour,<\/p>\n<p>bienvenue sur le site des m\u00e9diators Le Niglo, et des micros Krivo, Kleio et Carlos Sensor.<\/p>\n<p>ces m\u00e9diators sont ergonomiques, con\u00e7u \u00e0 la suite d&rsquo;un accident qui m&rsquo;a priv\u00e9 de l&rsquo;index de ma main droite.<\/p>\n<p>ils sont tous con\u00e7us sur la m\u00eame ergonomie qui vous permet de bien les tenir en main, sans risque de les perdre. il y a toutes les mati\u00e8res, et des mod\u00e8les pour droitiers et gauchers.<\/p>\n<p>vous pouvez acheter en reglant soit par Paypal, Square, Stripe, Wero, ch\u00e8que bancaire ou virement.<\/p>\n<p>les achats de plus de 60\u20ac b\u00e9n\u00e9ficient des frais d&rsquo;envoi gratuits.<\/p>\n<p>en cas de probl\u00e8me, contactez moi par <a href=\"d&#97;&#110;&#x69;&#x65;l&#64;&#109;&#x65;&#x64;&#x69;a&#116;&#111;&#x72;&#x73;-l&#101;&#x2d;&#x6e;&#x69;g&#108;&#111;&#x2e;&#x66;r\">mail<\/a>, <a href=\"https:\/\/www.facebook.com\/mediators.niglo\">messenger<\/a> ou au +33 6 61 57 93 55 par t\u00e9l\u00e9phone ou Whatsapp; utilisez de pr\u00e9f\u00e9rence les messages sms ou Whatsapp, le formulaire de contact n&rsquo;\u00e9tant pas le meilleur moyen.<\/p>\n\n\n<p><\/p>\n","protected":false},"excerpt":{"rendered":"<p>Bonjour, bienvenue sur le site des m\u00e9diators Le Niglo, et des micros Krivo, Kleio et Carlos Sensor. ces m\u00e9diators sont ergonomiques, con\u00e7u \u00e0 la suite d&rsquo;un accident qui m&rsquo;a priv\u00e9 de l&rsquo;index de ma main droite. ils sont tous con\u00e7us sur la m\u00eame ergonomie qui vous permet de bien les [&hellip;]<\/p>\n","protected":false},"author":1,"featured_media":0,"parent":0,"menu_order":0,"comment_status":"closed","ping_status":"closed","template":"","meta":{"_sitemap_exclude":false,"_sitemap_priority":"","_sitemap_frequency":"","_monsterinsights_skip_tracking":false,"_monsterinsights_sitenote_active":false,"_monsterinsights_sitenote_note":"","_monsterinsights_sitenote_category":0,"jetpack_post_was_ever_published":false,"footnotes":""},"class_list":["post-2","page","type-page","status-publish","hentry"],"yoast_head":"<!-- This site is optimized with the Yoast SEO plugin v27.4 - https:\/\/yoast.com\/product\/yoast-seo-wordpress\/ -->\n<title>Accueil - Le Niglo<\/title>\n<meta name=\"robots\" content=\"index, follow, max-snippet:-1, max-image-preview:large, max-video-preview:-1\" \/>\n<link rel=\"canonical\" href=\"https:\/\/mediators-le-niglo.fr\/WordPress\/page-d-exemple\/\" \/>\n<meta property=\"og:locale\" content=\"fr_FR\" \/>\n<meta property=\"og:type\" content=\"article\" \/>\n<meta property=\"og:title\" content=\"Accueil - Le Niglo\" \/>\n<meta property=\"og:description\" content=\"Bonjour, bienvenue sur le site des m\u00e9diators Le Niglo, et des micros Krivo, Kleio et Carlos Sensor. ces m\u00e9diators sont ergonomiques, con\u00e7u \u00e0 la suite d&rsquo;un accident qui m&rsquo;a priv\u00e9 de l&rsquo;index de ma main droite. ils sont tous con\u00e7us sur la m\u00eame ergonomie qui vous permet de bien les [&hellip;]\" \/>\n<meta property=\"og:url\" content=\"https:\/\/mediators-le-niglo.fr\/WordPress\/page-d-exemple\/\" \/>\n<meta property=\"og:site_name\" content=\"Le Niglo\" \/>\n<meta property=\"article:modified_time\" content=\"2025-11-15T14:32:50+00:00\" \/>\n<meta property=\"og:image\" content=\"https:\/\/i0.wp.com\/mediators-le-niglo.fr\/WordPress\/wp-content\/uploads\/2021\/04\/cropped-bandeau.jpg?fit=1000%2C366&ssl=1\" \/>\n\t<meta property=\"og:image:width\" content=\"1000\" \/>\n\t<meta property=\"og:image:height\" content=\"366\" \/>\n\t<meta property=\"og:image:type\" content=\"image\/jpeg\" \/>\n<meta name=\"twitter:label1\" content=\"Dur\u00e9e de lecture estim\u00e9e\" \/>\n\t<meta name=\"twitter:data1\" content=\"1 minute\" \/>\n<script type=\"application\/ld+json\" class=\"yoast-schema-graph\">{\"@context\":\"https:\\\/\\\/schema.org\",\"@graph\":[{\"@type\":\"WebPage\",\"@id\":\"https:\\\/\\\/mediators-le-niglo.fr\\\/WordPress\\\/page-d-exemple\\\/\",\"url\":\"https:\\\/\\\/mediators-le-niglo.fr\\\/WordPress\\\/page-d-exemple\\\/\",\"name\":\"Accueil - Le Niglo\",\"isPartOf\":{\"@id\":\"https:\\\/\\\/mediators-le-niglo.fr\\\/WordPress\\\/#website\"},\"datePublished\":\"2020-12-07T17:23:27+00:00\",\"dateModified\":\"2025-11-15T14:32:50+00:00\",\"breadcrumb\":{\"@id\":\"https:\\\/\\\/mediators-le-niglo.fr\\\/WordPress\\\/page-d-exemple\\\/#breadcrumb\"},\"inLanguage\":\"fr-FR\",\"potentialAction\":[{\"@type\":\"ReadAction\",\"target\":[\"https:\\\/\\\/mediators-le-niglo.fr\\\/WordPress\\\/page-d-exemple\\\/\"]}]},{\"@type\":\"BreadcrumbList\",\"@id\":\"https:\\\/\\\/mediators-le-niglo.fr\\\/WordPress\\\/page-d-exemple\\\/#breadcrumb\",\"itemListElement\":[{\"@type\":\"ListItem\",\"position\":1,\"name\":\"Accueil\",\"item\":\"https:\\\/\\\/mediators-le-niglo.fr\\\/WordPress\\\/\"},{\"@type\":\"ListItem\",\"position\":2,\"name\":\"Accueil\"}]},{\"@type\":\"WebSite\",\"@id\":\"https:\\\/\\\/mediators-le-niglo.fr\\\/WordPress\\\/#website\",\"url\":\"https:\\\/\\\/mediators-le-niglo.fr\\\/WordPress\\\/\",\"name\":\"Le Niglo\",\"description\":\"M\u00e9diators \u00e9rgonomiques, Micros, accessoires\",\"publisher\":{\"@id\":\"https:\\\/\\\/mediators-le-niglo.fr\\\/WordPress\\\/#\\\/schema\\\/person\\\/7fc109b49d18e4b9d6b44a0663785ba4\"},\"potentialAction\":[{\"@type\":\"SearchAction\",\"target\":{\"@type\":\"EntryPoint\",\"urlTemplate\":\"https:\\\/\\\/mediators-le-niglo.fr\\\/WordPress\\\/?s={search_term_string}\"},\"query-input\":{\"@type\":\"PropertyValueSpecification\",\"valueRequired\":true,\"valueName\":\"search_term_string\"}}],\"inLanguage\":\"fr-FR\"},{\"@type\":[\"Person\",\"Organization\"],\"@id\":\"https:\\\/\\\/mediators-le-niglo.fr\\\/WordPress\\\/#\\\/schema\\\/person\\\/7fc109b49d18e4b9d6b44a0663785ba4\",\"name\":\"leinadfr\",\"image\":{\"@type\":\"ImageObject\",\"inLanguage\":\"fr-FR\",\"@id\":\"https:\\\/\\\/secure.gravatar.com\\\/avatar\\\/91f8b134b8aa0ee29c48b9fd6f91b89292c8df855ff62413ba727cc0fd29add3?s=96&d=mm&r=g\",\"url\":\"https:\\\/\\\/secure.gravatar.com\\\/avatar\\\/91f8b134b8aa0ee29c48b9fd6f91b89292c8df855ff62413ba727cc0fd29add3?s=96&d=mm&r=g\",\"contentUrl\":\"https:\\\/\\\/secure.gravatar.com\\\/avatar\\\/91f8b134b8aa0ee29c48b9fd6f91b89292c8df855ff62413ba727cc0fd29add3?s=96&d=mm&r=g\",\"caption\":\"leinadfr\"},\"logo\":{\"@id\":\"https:\\\/\\\/secure.gravatar.com\\\/avatar\\\/91f8b134b8aa0ee29c48b9fd6f91b89292c8df855ff62413ba727cc0fd29add3?s=96&d=mm&r=g\"},\"sameAs\":[\"https:\\\/\\\/mediators-le-niglo.fr\\\/WordPress\"]}]}<\/script>\n<!-- \/ Yoast SEO plugin. -->","yoast_head_json":{"title":"Accueil - Le Niglo","robots":{"index":"index","follow":"follow","max-snippet":"max-snippet:-1","max-image-preview":"max-image-preview:large","max-video-preview":"max-video-preview:-1"},"canonical":"https:\/\/mediators-le-niglo.fr\/WordPress\/page-d-exemple\/","og_locale":"fr_FR","og_type":"article","og_title":"Accueil - Le Niglo","og_description":"Bonjour, bienvenue sur le site des m\u00e9diators Le Niglo, et des micros Krivo, Kleio et Carlos Sensor. ces m\u00e9diators sont ergonomiques, con\u00e7u \u00e0 la suite d&rsquo;un accident qui m&rsquo;a priv\u00e9 de l&rsquo;index de ma main droite. ils sont tous con\u00e7us sur la m\u00eame ergonomie qui vous permet de bien les [&hellip;]","og_url":"https:\/\/mediators-le-niglo.fr\/WordPress\/page-d-exemple\/","og_site_name":"Le Niglo","article_modified_time":"2025-11-15T14:32:50+00:00","og_image":[{"width":1000,"height":366,"url":"https:\/\/i0.wp.com\/mediators-le-niglo.fr\/WordPress\/wp-content\/uploads\/2021\/04\/cropped-bandeau.jpg?fit=1000%2C366&ssl=1","type":"image\/jpeg"}],"twitter_misc":{"Dur\u00e9e de lecture estim\u00e9e":"1 minute"},"schema":{"@context":"https:\/\/schema.org","@graph":[{"@type":"WebPage","@id":"https:\/\/mediators-le-niglo.fr\/WordPress\/page-d-exemple\/","url":"https:\/\/mediators-le-niglo.fr\/WordPress\/page-d-exemple\/","name":"Accueil - Le Niglo","isPartOf":{"@id":"https:\/\/mediators-le-niglo.fr\/WordPress\/#website"},"datePublished":"2020-12-07T17:23:27+00:00","dateModified":"2025-11-15T14:32:50+00:00","breadcrumb":{"@id":"https:\/\/mediators-le-niglo.fr\/WordPress\/page-d-exemple\/#breadcrumb"},"inLanguage":"fr-FR","potentialAction":[{"@type":"ReadAction","target":["https:\/\/mediators-le-niglo.fr\/WordPress\/page-d-exemple\/"]}]},{"@type":"BreadcrumbList","@id":"https:\/\/mediators-le-niglo.fr\/WordPress\/page-d-exemple\/#breadcrumb","itemListElement":[{"@type":"ListItem","position":1,"name":"Accueil","item":"https:\/\/mediators-le-niglo.fr\/WordPress\/"},{"@type":"ListItem","position":2,"name":"Accueil"}]},{"@type":"WebSite","@id":"https:\/\/mediators-le-niglo.fr\/WordPress\/#website","url":"https:\/\/mediators-le-niglo.fr\/WordPress\/","name":"Le Niglo","description":"M\u00e9diators \u00e9rgonomiques, Micros, accessoires","publisher":{"@id":"https:\/\/mediators-le-niglo.fr\/WordPress\/#\/schema\/person\/7fc109b49d18e4b9d6b44a0663785ba4"},"potentialAction":[{"@type":"SearchAction","target":{"@type":"EntryPoint","urlTemplate":"https:\/\/mediators-le-niglo.fr\/WordPress\/?s={search_term_string}"},"query-input":{"@type":"PropertyValueSpecification","valueRequired":true,"valueName":"search_term_string"}}],"inLanguage":"fr-FR"},{"@type":["Person","Organization"],"@id":"https:\/\/mediators-le-niglo.fr\/WordPress\/#\/schema\/person\/7fc109b49d18e4b9d6b44a0663785ba4","name":"leinadfr","image":{"@type":"ImageObject","inLanguage":"fr-FR","@id":"https:\/\/secure.gravatar.com\/avatar\/91f8b134b8aa0ee29c48b9fd6f91b89292c8df855ff62413ba727cc0fd29add3?s=96&d=mm&r=g","url":"https:\/\/secure.gravatar.com\/avatar\/91f8b134b8aa0ee29c48b9fd6f91b89292c8df855ff62413ba727cc0fd29add3?s=96&d=mm&r=g","contentUrl":"https:\/\/secure.gravatar.com\/avatar\/91f8b134b8aa0ee29c48b9fd6f91b89292c8df855ff62413ba727cc0fd29add3?s=96&d=mm&r=g","caption":"leinadfr"},"logo":{"@id":"https:\/\/secure.gravatar.com\/avatar\/91f8b134b8aa0ee29c48b9fd6f91b89292c8df855ff62413ba727cc0fd29add3?s=96&d=mm&r=g"},"sameAs":["https:\/\/mediators-le-niglo.fr\/WordPress"]}]}},"jetpack_sharing_enabled":true,"jetpack_likes_enabled":true,"jetpack_shortlink":"https:\/\/wp.me\/PcCP71-2","_links":{"self":[{"href":"https:\/\/mediators-le-niglo.fr\/WordPress\/wp-json\/wp\/v2\/pages\/2","targetHints":{"allow":["GET"]}}],"collection":[{"href":"https:\/\/mediators-le-niglo.fr\/WordPress\/wp-json\/wp\/v2\/pages"}],"about":[{"href":"https:\/\/mediators-le-niglo.fr\/WordPress\/wp-json\/wp\/v2\/types\/page"}],"author":[{"embeddable":true,"href":"https:\/\/mediators-le-niglo.fr\/WordPress\/wp-json\/wp\/v2\/users\/1"}],"replies":[{"embeddable":true,"href":"https:\/\/mediators-le-niglo.fr\/WordPress\/wp-json\/wp\/v2\/comments?post=2"}],"version-history":[{"count":5,"href":"https:\/\/mediators-le-niglo.fr\/WordPress\/wp-json\/wp\/v2\/pages\/2\/revisions"}],"predecessor-version":[{"id":1909,"href":"https:\/\/mediators-le-niglo.fr\/WordPress\/wp-json\/wp\/v2\/pages\/2\/revisions\/1909"}],"wp:attachment":[{"href":"https:\/\/mediators-le-niglo.fr\/WordPress\/wp-json\/wp\/v2\/media?parent=2"}],"curies":[{"name":"wp","href":"https:\/\/api.w.org\/{rel}","templated":true}]}}